{"id":6831,"date":"2025-03-25T11:28:19","date_gmt":"2025-03-25T10:28:19","guid":{"rendered":"https:\/\/reload-festival.de\/info\/handicap-camp"},"modified":"2026-02-23T13:23:05","modified_gmt":"2026-02-23T12:23:05","slug":"handicap-camp","status":"publish","type":"page","link":"https:\/\/reload-festival.de\/en\/info\/handicap-camp","title":{"rendered":"Handicap Camp"},"content":{"rendered":"\n\t<div id=\"text-1136355311\" class=\"text\">\n\t\t\n\n<h1>HANDICAP-CAMP<\/h1>\n\t\t\n<style>\n#text-1136355311 {\n  font-size: 2.25rem;\n  text-align: center;\n}\n<\/style>\n\t<\/div>\n\t\n\t<div id=\"text-2647515198\" class=\"text\">\n\t\t\n\n<p class=\"\" data-start=\"98\" data-end=\"227\"><span style=\"font-size: 130%;\">Damit unser Festival f\u00fcr alle Besucher*innen mit Behinderung so angenehm wie m\u00f6glich wird, bieten wir das <strong data-start=\"204\" data-end=\"221\">Handicap-Camp<\/strong> an. Um dieses Angebot nutzen zu k\u00f6nnen, f\u00fclle bitte das <strong data-start=\"281\" data-end=\"300\">Anmeldeformular<\/strong> unter dem Punkt<strong> <a href=\"#handicap-anmeldung\">Anmeldung<\/a> <\/strong>aus. Bitte beachte, dass die Pl\u00e4tze im Handicap-Camp begrenzt sind. Du kannst neben deiner <strong data-start=\"423\" data-end=\"440\">Begleitperson<\/strong> bis zu <strong data-start=\"448\" data-end=\"477\">drei weitere Freund*innen<\/strong> mit g\u00fcltigem Festivalpass mitbringen. Insgesamt darf deine Gruppe also aus <strong data-start=\"553\" data-end=\"578\">maximal f\u00fcnf Personen<\/strong> bestehen. Zudem ist <strong data-start=\"599\" data-end=\"626\">ein Fahrzeug pro Gruppe<\/strong> erlaubt. <span style=\"font-size: 100%;\">Die <strong>Deadline<\/strong> f\u00fcr die<strong> Anmeldung <\/strong>zum<strong> Handicap-Camp<\/strong> f\u00fcr bereits gekaufte Tickets ist der<strong> 08.08.2026<\/strong>.<\/span><\/span><\/p>\n<p class=\"\" data-start=\"639\" data-end=\"668\"><span style=\"font-size: 130%;\">Wir freuen uns auf euch!\u00a0<\/span><\/p>\n\t\t\n<style>\n#text-2647515198 {\n  text-align: left;\n}\n<\/style>\n\t<\/div>\n\t\n<h2 style=\"text-align: left;\">Toiletten<\/h2>\n<p class=\"\" data-start=\"115\" data-end=\"404\">Das Handicap-Camp ist logistisch gut erreichbar \u2013 sowohl f\u00fcr die Anreise als auch w\u00e4hrend des Festivals. Bitte beachte jedoch, dass es kein eigenes &#8220;Shit City&#8221; mit wassergesp\u00fclten Toiletten oder Duschen gibt. Stattdessen stehen vor Ort barrierefreie Dixi-Toiletten zur Verf\u00fcgung.<\/p>\n<p class=\"\" data-start=\"406\" data-end=\"640\">Wassergesp\u00fclte Toiletten und Duschen findest du in maximal f\u00fcnf bis sieben Gehminuten Entfernung. Wir sind uns bewusst, dass dies nicht ideal ist, k\u00f6nnen aus logistischen Gr\u00fcnden jedoch derzeit keine alternative Fl\u00e4che anbieten.<\/p>\n<p class=\"\" data-start=\"642\" data-end=\"734\">Unser Ziel ist es, die Bedingungen stetig zu verbessern \u2013 und wir arbeiten bereits daran! \ud83d\ude0a<\/p>\n<h2 style=\"text-align: left;\">Strom &amp; K\u00fchlung f\u00fcr medizinische Hilfsmittel<\/h2>\n<p style=\"text-align: left;\">Falls du medizinische oder elektronische Hilfsmittel aufladen oder Medikamente k\u00fchl lagern musst, wende dich bitte vor Ort an die Sanit\u00e4ter*innen des ASB. Sie helfen dir gerne weiter!<br \/><strong>Hinweis zur Mitf\u00fchrung von BTM-Medikamenten:<\/strong> Nutzer*innen von BTM-Medikamenten m\u00fcssen einen entsprechenden Nachweis mitf\u00fchren.<\/p>\n<h2 style=\"text-align: left;\">Stromversorgung im Camp<\/h2>\n<p data-start=\"283\" data-end=\"511\">Auf dem Reload Festival versorgt euch unser Partner <strong data-start=\"335\" data-end=\"346\">LOADIES<\/strong> mit mobilen Powerstations direkt auf dem Campingplatz. So habt ihr zuverl\u00e4ssig Strom f\u00fcr Licht, K\u00fchlboxen, Technik und mehr \u2013 ganz ohne Generator, L\u00e4rm oder Abgase.<\/p>\n<p data-start=\"513\" data-end=\"818\">Ihr bucht eure Powerstation bequem im Voraus online oder direkt im Shop. Vor Ort k\u00f6nnt ihr leere Stationen jederzeit gegen vollgeladene austauschen \u2013 ohne Zusatzkosten. Alle Powerstations verf\u00fcgen \u00fcber <strong data-start=\"715\" data-end=\"738\">2\u00d7 230 V Steckdosen<\/strong> und bieten euch maximale Flexibilit\u00e4t w\u00e4hrend des gesamten Festivalwochenendes.<\/p>\n<p data-start=\"820\" data-end=\"900\">\ud83d\udc49<a href=\"https:\/\/www.loadies-festivals.com\/pages\/reload\"> <strong data-start=\"823\" data-end=\"851\">Hier geht\u2019s zur Buchung<\/strong><\/a><br data-start=\"851\" data-end=\"854\" \/><br \/><\/p>\n<h2 data-start=\"228\" data-end=\"293\">Mein Zelt steht schon!<\/h2>\n<p data-start=\"228\" data-end=\"293\">Entspannt ins Reload Festival starten: Auch im <strong data-start=\"234\" data-end=\"251\">Handicap Camp<\/strong> k\u00f6nnt ihr mit dem Service <strong data-start=\"278\" data-end=\"304\">Mein Zelt steht schon!<\/strong> ganz ohne Stress ins Festivalwochenende starten. Ihr bucht euer Wunschzelt inklusive Zubeh\u00f6r bequem im Vorfeld \u2013 vor Ort ist alles bereits aufgebaut. Ob allein, zu zweit oder in der Gruppe: Es stehen verschiedene Zeltgr\u00f6\u00dfen sowie zus\u00e4tzliche Ausstattung wie Luftbetten, Schlafs\u00e4cke, Tische, St\u00fchle oder Lampen zur Verf\u00fcgung. Weniger Gep\u00e4ck, kein Aufbau und mehr Komfort \u2013 so bleibt mehr Energie f\u00fcrs Festival.<\/p>\n<p data-start=\"716\" data-end=\"783\">\ud83d\udc49 <a href=\"https:\/\/pier-and-peer.com\/channel\/reload2026\/step\"><strong>Hier geht\u2019s zur Buchung<\/strong><\/a><\/p>\n<h2 style=\"text-align: left;\">Anmeldepflicht<\/h2>\n<p class=\"\" data-start=\"56\" data-end=\"224\">Das Handicap-Camp ist ein freiwilliger Service f\u00fcr unsere G\u00e4ste mit Behinderung. Nat\u00fcrlich kannst du alternativ auch auf den regul\u00e4ren Campingfl\u00e4chen \u00fcbernachten.<\/p>\n<p class=\"\" data-start=\"226\" data-end=\"393\">Um sicherzustellen, dass gen\u00fcgend Platz f\u00fcr alle berechtigten Besucher*innen vorhanden ist, ist die Anmeldung f\u00fcr das Handicap-Camp ab diesem Jahr verpflichte<span style=\"font-size: 100%;\">nd. Die <strong>Deadline<\/strong> f\u00fcr die<strong> Anmeldung <\/strong>zum<strong> Handicap-Camp<\/strong> f\u00fcr bereits gekaufte Tickets ist der<strong> 08.08.2025<\/strong>.<\/span><\/p>\n<p>Bitte beachte:<\/p>\n<ul>\n<li>Eine Nutzung des Camps ist nur mit vorheriger Anmeldung m\u00f6glich.<\/li>\n<li>Die Anmeldefrist endet drei Wochen vor Veranstaltungsbeginn. Eine nachtr\u00e4gliche Anmeldung ist leider nicht m\u00f6glich.<\/li>\n<\/ul>\n<p class=\"\" data-start=\"612\" data-end=\"722\">Melde dich also rechtzeitig an, damit wir dir ein m\u00f6glichst angenehmes Festivalerlebnis erm\u00f6glichen k\u00f6nnen! \ud83d\ude0a<\/p>\n<p data-start=\"612\" data-end=\"722\">Bei Fragen oder Unklarheiten rund um das Thema wende dich gerne per E-Mail an <strong data-start=\"233\" data-end=\"264\" data-is-only-node=\"\"><a class=\"cursor-pointer\" rel=\"noopener\" data-start=\"235\" data-end=\"262\">Handicap@Reload-Festival.de<\/a><\/strong> \u2013 wir helfen dir schnell und unkompliziert weiter!<\/p>\n<p>\u00a0<\/p>\n\t<div id=\"text-2492352155\" class=\"text\">\n\t\t\n\n<h2 id=\"handicap-anmeldung\" class=\"uppercase\">ANMELDUNG<\/h1>\n\t\t\n<style>\n#text-2492352155 {\n  font-size: 2.25rem;\n  text-align: center;\n}\n<\/style>\n\t<\/div>\n\t\n\n<div class=\"wpcf7 no-js\" id=\"wpcf7-f6817-o1\" lang=\"de-DE\" dir=\"ltr\" data-wpcf7-id=\"6817\">\n<div class=\"screen-reader-response\"><p role=\"status\" aria-live=\"polite\" aria-atomic=\"true\"><\/p> <ul><\/ul><\/div>\n<form action=\"\/en\/wp-json\/wp\/v2\/pages\/6831#wpcf7-f6817-o1\" method=\"post\" class=\"wpcf7-form init\" aria-label=\"Kontaktformular\" novalidate=\"novalidate\" data-status=\"init\">\n<fieldset class=\"hidden-fields-container\"><input type=\"hidden\" name=\"_wpcf7\" value=\"6817\" \/><input type=\"hidden\" name=\"_wpcf7_version\" value=\"6.1.5\" \/><input type=\"hidden\" name=\"_wpcf7_locale\" value=\"de_DE\" \/><input type=\"hidden\" name=\"_wpcf7_unit_tag\" value=\"wpcf7-f6817-o1\" \/><input type=\"hidden\" name=\"_wpcf7_container_post\" value=\"0\" \/><input type=\"hidden\" name=\"_wpcf7_posted_data_hash\" value=\"\" \/>\n<\/fieldset>\n<p>Vor- und Nachname\n<\/p>\n<p><span class=\"wpcf7-form-control-wrap\" data-name=\"vorname-nachname\"><input size=\"40\" maxlength=\"400\" class=\"wpcf7-form-control wpcf7-text wpcf7-validates-as-required\" aria-required=\"true\" aria-invalid=\"false\" value=\"Max Mustermann\" type=\"text\" name=\"vorname-nachname\" \/><\/span>\n<\/p>\n<p>Deine Email\n<\/p>\n<p><span class=\"wpcf7-form-control-wrap\" data-name=\"deine-email\"><input size=\"40\" maxlength=\"400\" class=\"wpcf7-form-control wpcf7-email wpcf7-validates-as-required wpcf7-text wpcf7-validates-as-email\" aria-required=\"true\" aria-invalid=\"false\" value=\"maxmustermann@muster.de\" type=\"email\" name=\"deine-email\" \/><\/span>\n<\/p>\n<p>Hast du, bzw. deine Begleiter*innen Tickets f\u00fcr das Reload Festival?\n<\/p>\n<p><span class=\"wpcf7-form-control-wrap\" data-name=\"tickets-festival\"><span class=\"wpcf7-form-control wpcf7-radio\"><span class=\"wpcf7-list-item first\"><label><input type=\"radio\" name=\"tickets-festival\" value=\"Ja\" \/><span class=\"wpcf7-list-item-label\">Ja<\/span><\/label><\/span><span class=\"wpcf7-list-item last\"><label><input type=\"radio\" name=\"tickets-festival\" value=\"Nein\" \/><span class=\"wpcf7-list-item-label\">Nein<\/span><\/label><\/span><\/span><\/span>\n<\/p>\n<p>An welchen Tagen besuchst du das Festival?\n<\/p>\n<p><span class=\"wpcf7-form-control-wrap\" data-name=\"festivalbesuchstage\"><span class=\"wpcf7-form-control wpcf7-checkbox\"><span class=\"wpcf7-list-item first\"><label><input type=\"checkbox\" name=\"festivalbesuchstage[]\" value=\"Alle\" \/><span class=\"wpcf7-list-item-label\">Alle<\/span><\/label><\/span><span class=\"wpcf7-list-item\"><label><input type=\"checkbox\" name=\"festivalbesuchstage[]\" value=\"Do\" \/><span class=\"wpcf7-list-item-label\">Do<\/span><\/label><\/span><span class=\"wpcf7-list-item\"><label><input type=\"checkbox\" name=\"festivalbesuchstage[]\" value=\"Fr\" \/><span class=\"wpcf7-list-item-label\">Fr<\/span><\/label><\/span><span class=\"wpcf7-list-item last\"><label><input type=\"checkbox\" name=\"festivalbesuchstage[]\" value=\"Sa\" \/><span class=\"wpcf7-list-item-label\">Sa<\/span><\/label><\/span><\/span><\/span>\n<\/p>\n<p>M\u00f6chtest du im \u201eHandicap-Camp\u201c \u00fcbernachten?\n<\/p>\n<p><span class=\"wpcf7-form-control-wrap\" data-name=\"handicap-camp\"><span class=\"wpcf7-form-control wpcf7-radio\"><span class=\"wpcf7-list-item first\"><label><input type=\"radio\" name=\"handicap-camp\" value=\"Ja\" \/><span class=\"wpcf7-list-item-label\">Ja<\/span><\/label><\/span><span class=\"wpcf7-list-item last\"><label><input type=\"radio\" name=\"handicap-camp\" value=\"Nein\" \/><span class=\"wpcf7-list-item-label\">Nein<\/span><\/label><\/span><\/span><\/span>\n<\/p>\n<p>Liegt ein Schwerbehindertenausweis vor?\n<\/p>\n<p><span class=\"wpcf7-form-control-wrap\" data-name=\"schwerbehindertenausweis\"><span class=\"wpcf7-form-control wpcf7-radio\"><span class=\"wpcf7-list-item first\"><label><input type=\"radio\" name=\"schwerbehindertenausweis\" value=\"Ja\" \/><span class=\"wpcf7-list-item-label\">Ja<\/span><\/label><\/span><span class=\"wpcf7-list-item last\"><label><input type=\"radio\" name=\"schwerbehindertenausweis\" value=\"Nein\" \/><span class=\"wpcf7-list-item-label\">Nein<\/span><\/label><\/span><\/span><\/span>\n<\/p>\n<p>Angaben zum Schwerbehindertenausweis (falls vorliegend)\n<\/p>\n<p><span class=\"wpcf7-form-control-wrap\" data-name=\"schwerbehindertenausweis-info\"><input size=\"40\" maxlength=\"255\" class=\"wpcf7-form-control wpcf7-text\" aria-invalid=\"false\" value=\"\" type=\"text\" name=\"schwerbehindertenausweis-info\" \/><\/span>\n<\/p>\n<p>Du hast die M\u00f6glichkeit, eine kostenlose Begleitperson mitzubringen. Voraussetzung hierf\u00fcr ist ein B, H oder Bl in deinem Schwerbehindertenausweis.\n<\/p>\n<p>M\u00f6chtest du jemanden mitbringen?\n<\/p>\n<p><span class=\"wpcf7-form-control-wrap\" data-name=\"begleitperson\"><span class=\"wpcf7-form-control wpcf7-radio\"><span class=\"wpcf7-list-item first\"><label><input type=\"radio\" name=\"begleitperson\" value=\"Ja\" \/><span class=\"wpcf7-list-item-label\">Ja<\/span><\/label><\/span><span class=\"wpcf7-list-item last\"><label><input type=\"radio\" name=\"begleitperson\" value=\"Nein\" \/><span class=\"wpcf7-list-item-label\">Nein<\/span><\/label><\/span><\/span><\/span>\n<\/p>\n<p>Bringst du weitere Personen mit in das Handicap-Camp? (Maximale Gruppengr\u00f6\u00dfe: 5 Personen)\n<\/p>\n<p><span class=\"wpcf7-form-control-wrap\" data-name=\"anzahl-begleitpersonen\"><input class=\"wpcf7-form-control wpcf7-number wpcf7-validates-as-required wpcf7-validates-as-number\" min=\"0\" max=\"5\" aria-required=\"true\" aria-invalid=\"false\" value=\"0\" type=\"number\" name=\"anzahl-begleitpersonen\" \/><\/span>\n<\/p>\n<p>Brauchst du einen Stromanschluss f\u00fcr medizinische Ger\u00e4te, deinen E-Rollstuhl oder andere Hilfsgegenst\u00e4nde?<br \/>\nWenn ja, was sind dies f\u00fcr Ger\u00e4te und ben\u00f6tigen diese Ger\u00e4te einen Stromanschluss?\n<\/p>\n<p><span class=\"wpcf7-form-control-wrap\" data-name=\"medizinisches-geraet\"><input size=\"40\" maxlength=\"500\" class=\"wpcf7-form-control wpcf7-text\" aria-invalid=\"false\" value=\"\" type=\"text\" name=\"medizinisches-geraet\" \/><\/span>\n<\/p>\n<p>Welche Art von Fahrzeug bringst du\/ihr mit?\n<\/p>\n<p><i>Hinweis: pro Gruppe (5 Personen) sind maximal <b>zwei<\/b> PKW erlaubt<\/i><br \/>\n<span class=\"wpcf7-form-control-wrap\" data-name=\"fahrzeugtyp\"><select class=\"wpcf7-form-control wpcf7-select\" aria-invalid=\"false\" name=\"fahrzeugtyp\"><option value=\"\">&#8211; Bitte ausw\u00e4hlen &#8211;<\/option><option value=\"Kleinwagen\">Kleinwagen<\/option><option value=\"Gr\u00f6\u00dferes Auto\">Gr\u00f6\u00dferes Auto<\/option><option value=\"PKW mit Anh\u00e4nger\/Wohnwagen\">PKW mit Anh\u00e4nger\/Wohnwagen<\/option><option value=\"Bulli\">Bulli<\/option><option value=\"Wohnmobil\">Wohnmobil<\/option><\/select><\/span>\n<\/p>\n<p><input class=\"wpcf7-form-control wpcf7-submit has-spinner\" type=\"submit\" value=\"Absenden\" \/>\n<\/p><div class=\"wpcf7-response-output\" aria-hidden=\"true\"><\/div>\n<\/form>\n<\/div>\n\n\n\n","protected":false},"excerpt":{"rendered":"","protected":false},"author":3,"featured_media":0,"parent":6551,"menu_order":4,"comment_status":"closed","ping_status":"closed","template":"","meta":{"footnotes":""},"class_list":["post-6831","page","type-page","status-publish","hentry"],"_links":{"self":[{"href":"https:\/\/reload-festival.de\/en\/wp-json\/wp\/v2\/pages\/6831","targetHints":{"allow":["GET"]}}],"collection":[{"href":"https:\/\/reload-festival.de\/en\/wp-json\/wp\/v2\/pages"}],"about":[{"href":"https:\/\/reload-festival.de\/en\/wp-json\/wp\/v2\/types\/page"}],"author":[{"embeddable":true,"href":"https:\/\/reload-festival.de\/en\/wp-json\/wp\/v2\/users\/3"}],"replies":[{"embeddable":true,"href":"https:\/\/reload-festival.de\/en\/wp-json\/wp\/v2\/comments?post=6831"}],"version-history":[{"count":11,"href":"https:\/\/reload-festival.de\/en\/wp-json\/wp\/v2\/pages\/6831\/revisions"}],"predecessor-version":[{"id":8341,"href":"https:\/\/reload-festival.de\/en\/wp-json\/wp\/v2\/pages\/6831\/revisions\/8341"}],"up":[{"embeddable":true,"href":"https:\/\/reload-festival.de\/en\/wp-json\/wp\/v2\/pages\/6551"}],"wp:attachment":[{"href":"https:\/\/reload-festival.de\/en\/wp-json\/wp\/v2\/media?parent=6831"}],"curies":[{"name":"wp","href":"https:\/\/api.w.org\/{rel}","templated":true}]}}